{"id":14,"date":"2025-11-26T15:35:51","date_gmt":"2025-11-26T15:35:51","guid":{"rendered":"https:\/\/events-byjs.fr\/?page_id=14"},"modified":"2026-02-02T15:06:52","modified_gmt":"2026-02-02T15:06:52","slug":"mentions-legales","status":"publish","type":"page","link":"https:\/\/events-byjs.com\/fr\/mentions-legales\/","title":{"rendered":"Mentions L\u00e9gales"},"content":{"rendered":"<p>[et_pb_section fb_built=\u00a0\u00bb1&Prime; custom_padding_last_edited=\u00a0\u00bbon|phone\u00a0\u00bb _builder_version=\u00a0\u00bb4.27.5&Prime; _module_preset=\u00a0\u00bbdefault\u00a0\u00bb background_image=\u00a0\u00bbhttps:\/\/events-byjs.com\/wp-content\/uploads\/2025\/12\/Agence-evenementielle-dans-les-Alpes-Maritimes.jpg\u00a0\u00bb custom_padding=\u00a0\u00bb20vh||5vh||false|false\u00a0\u00bb custom_padding_tablet=\u00a0\u00bb12vh||||false|false\u00a0\u00bb custom_padding_phone=\u00a0\u00bb12vh||2vh||false|false\u00a0\u00bb global_colors_info=\u00a0\u00bb{}\u00a0\u00bb][et_pb_row _builder_version=\u00a0\u00bb4.27.5&Prime; _module_preset=\u00a0\u00bbdefault\u00a0\u00bb global_colors_info=\u00a0\u00bb{}\u00a0\u00bb][et_pb_column type=\u00a0\u00bb4_4&Prime; _builder_version=\u00a0\u00bb4.27.4&Prime; _module_preset=\u00a0\u00bbdefault\u00a0\u00bb global_colors_info=\u00a0\u00bb{}\u00a0\u00bb][et_pb_text _builder_version=\u00a0\u00bb4.27.5&Prime; _module_preset=\u00a0\u00bbdefault\u00a0\u00bb header_font=\u00a0\u00bb|||on|||||\u00a0\u00bb header_text_align=\u00a0\u00bbcenter\u00a0\u00bb header_text_color=\u00a0\u00bb#FFFFFF\u00a0\u00bb header_font_size=\u00a0\u00bb45px\u00a0\u00bb hover_enabled=\u00a0\u00bb0&Prime; header_font_size_tablet=\u00a0\u00bb50px\u00a0\u00bb header_font_size_phone=\u00a0\u00bb40px\u00a0\u00bb header_font_size_last_edited=\u00a0\u00bbon|phone\u00a0\u00bb global_colors_info=\u00a0\u00bb{}\u00a0\u00bb sticky_enabled=\u00a0\u00bb0&Prime;]<\/p>\n<div id=\"ez-toc-container\" class=\"ez-toc-v2_0_82_2 counter-hierarchy ez-toc-counter ez-toc-grey ez-toc-container-direction\">\n<div class=\"ez-toc-title-container\">\n<p class=\"ez-toc-title\" style=\"cursor:inherit\">Table of Contents<\/p>\n<span class=\"ez-toc-title-toggle\"><a href=\"#\" class=\"ez-toc-pull-right ez-toc-btn ez-toc-btn-xs ez-toc-btn-default ez-toc-toggle\" aria-label=\"Toggle Table of Content\"><span class=\"ez-toc-js-icon-con\"><span class=\"\"><span class=\"eztoc-hide\" style=\"display:none;\">Toggle<\/span><span class=\"ez-toc-icon-toggle-span\"><svg style=\"fill: #999;color:#999\" xmlns=\"http:\/\/www.w3.org\/2000\/svg\" class=\"list-377408\" width=\"20px\" height=\"20px\" viewBox=\"0 0 24 24\" fill=\"none\"><path d=\"M6 6H4v2h2V6zm14 0H8v2h12V6zM4 11h2v2H4v-2zm16 0H8v2h12v-2zM4 16h2v2H4v-2zm16 0H8v2h12v-2z\" fill=\"currentColor\"><\/path><\/svg><svg style=\"fill: #999;color:#999\" class=\"arrow-unsorted-368013\" xmlns=\"http:\/\/www.w3.org\/2000\/svg\" width=\"10px\" height=\"10px\" viewBox=\"0 0 24 24\" version=\"1.2\" baseProfile=\"tiny\"><path d=\"M18.2 9.3l-6.2-6.3-6.2 6.3c-.2.2-.3.4-.3.7s.1.5.3.7c.2.2.4.3.7.3h11c.3 0 .5-.1.7-.3.2-.2.3-.5.3-.7s-.1-.5-.3-.7zM5.8 14.7l6.2 6.3 6.2-6.3c.2-.2.3-.5.3-.7s-.1-.5-.3-.7c-.2-.2-.4-.3-.7-.3h-11c-.3 0-.5.1-.7.3-.2.2-.3.5-.3.7s.1.5.3.7z\"\/><\/svg><\/span><\/span><\/span><\/a><\/span><\/div>\n<nav><ul class='ez-toc-list ez-toc-list-level-1 ' ><li class='ez-toc-page-1 ez-toc-heading-level-1'><a class=\"ez-toc-link ez-toc-heading-1\" href=\"https:\/\/events-byjs.com\/fr\/mentions-legales\/#Mentions_Legales\" >Mentions L\u00e9gales<\/a><ul class='ez-toc-list-level-3' ><li class='ez-toc-heading-level-3'><ul class='ez-toc-list-level-3' ><li class='ez-toc-heading-level-3'><a class=\"ez-toc-link ez-toc-heading-2\" href=\"https:\/\/events-byjs.com\/fr\/mentions-legales\/#1_%E2%80%93_Edition_du_site\" >1 \u2013 \u00c9dition du site<\/a><\/li><li class='ez-toc-page-1 ez-toc-heading-level-3'><a class=\"ez-toc-link ez-toc-heading-3\" href=\"https:\/\/events-byjs.com\/fr\/mentions-legales\/#2_%E2%80%93_Propriete_intellectuelle_et_contrefacons\" >2 \u2013 Propri\u00e9t\u00e9 intellectuelle et contrefa\u00e7ons.<\/a><\/li><li class='ez-toc-page-1 ez-toc-heading-level-3'><a class=\"ez-toc-link ez-toc-heading-4\" href=\"https:\/\/events-byjs.com\/fr\/mentions-legales\/#3_%E2%80%93_Limitations_de_responsabilite\" >3 \u2013 Limitations de responsabilit\u00e9.\u00a0<\/a><\/li><li class='ez-toc-page-1 ez-toc-heading-level-3'><a class=\"ez-toc-link ez-toc-heading-5\" href=\"https:\/\/events-byjs.com\/fr\/mentions-legales\/#4_%E2%80%93_CNIL_et_gestion_des_donnees_personnelles\" >4 \u2013 CNIL et gestion des donn\u00e9es personnelles.<\/a><\/li><li class='ez-toc-page-1 ez-toc-heading-level-3'><a class=\"ez-toc-link ez-toc-heading-6\" href=\"https:\/\/events-byjs.com\/fr\/mentions-legales\/#5_%E2%80%93_Liens_hypertextes_et_cookies\" >5 \u2013 Liens hypertextes et cookies<\/a><\/li><li class='ez-toc-page-1 ez-toc-heading-level-3'><a class=\"ez-toc-link ez-toc-heading-7\" href=\"https:\/\/events-byjs.com\/fr\/mentions-legales\/#6_%E2%80%93_Droit_applicable_et_attribution_de_juridiction\" >6 \u2013 Droit applicable et attribution de juridiction.<\/a><\/li><\/ul><\/li><\/ul><\/li><\/ul><\/nav><\/div>\n<h1><span class=\"ez-toc-section\" id=\"Mentions_Legales\"><\/span>Mentions L\u00e9gales<span class=\"ez-toc-section-end\"><\/span><\/h1>\n<p>[\/et_pb_text][\/et_pb_column][\/et_pb_row][\/et_pb_section][et_pb_section fb_built=\u00a0\u00bb1&Prime; _builder_version=\u00a0\u00bb4.27.5&Prime; _module_preset=\u00a0\u00bbdefault\u00a0\u00bb global_colors_info=\u00a0\u00bb{}\u00a0\u00bb][et_pb_row _builder_version=\u00a0\u00bb4.27.4&Prime; _module_preset=\u00a0\u00bbdefault\u00a0\u00bb global_colors_info=\u00a0\u00bb{}\u00a0\u00bb][et_pb_column type=\u00a0\u00bb4_4&Prime; _builder_version=\u00a0\u00bb4.27.4&Prime; _module_preset=\u00a0\u00bbdefault\u00a0\u00bb global_colors_info=\u00a0\u00bb{}\u00a0\u00bb][et_pb_text _builder_version=\u00a0\u00bb4.27.5&Prime; _module_preset=\u00a0\u00bbdefault\u00a0\u00bb link_text_color=\u00a0\u00bb#BBAE9E\u00a0\u00bb global_colors_info=\u00a0\u00bb{}\u00a0\u00bb]<\/p>\n<h3><span class=\"ez-toc-section\" id=\"1_%E2%80%93_Edition_du_site\"><\/span><b>1 \u2013 \u00c9dition du site<\/b><span class=\"ez-toc-section-end\"><\/span><\/h3>\n<p><span style=\"font-weight: 400;\">En vertu de\u00a0<\/span><a href=\"https:\/\/www.legifrance.gouv.fr\/affichTexte.do?cidTexte=JORFTEXT000000801164#LEGIARTI000042038977\" target=\"_blank\" rel=\"noopener\"><span style=\"font-weight: 400;\">l\u2019article 6 de la loi n\u00b0 2004-575 du 21 juin 2004<\/span><\/a><span style=\"font-weight: 400;\">\u00a0pour la confiance dans l\u2019\u00e9conomie num\u00e9rique, il est pr\u00e9cis\u00e9 aux utilisateurs du site internet <\/span><a href=\"https:\/\/www.events-byjs.com\/\"><span style=\"font-weight: 400;\">https:\/\/www.events-byjs.com\/<\/span><\/a><span style=\"font-weight: 400;\"> l\u2019identit\u00e9 des diff\u00e9rents intervenants dans le cadre de sa r\u00e9alisation et de son suivi :<\/span><\/p>\n<p><b>Identification de l\u2019entreprise :<\/b><span style=\"font-weight: 400;\">\u00a0 <\/span> <span style=\"font-weight: 400;\">SARL Events by JS<\/span><span style=\"font-weight: 400;\"> &#8211; SIREN : <\/span><span style=\"font-weight: 400;\">892994963<\/span><span style=\"font-weight: 400;\"> \u2013 RCS : Marseille \u2013 Adresse : <\/span><span style=\"font-weight: 400;\">6 rue Merle, 06400 Cannes<\/span><\/p>\n<p><b>Directeur de la publication : <\/b><b>SUPPA Johanna <\/b><span style=\"font-weight: 400;\">\u2013 Contact : <\/span><a href=\"mailto:contact@events-byjs.com\"><span style=\"font-weight: 400;\">contact@events-byjs.com<\/span><\/a><\/p>\n<p><b>H\u00e9bergeur :<\/b><span style=\"font-weight: 400;\">\u00a0O2Switch \u2013 222 Boulevard Gustave Flaubert, 63000 Clermont-Ferrand \u2013 T\u00e9l\u00e9phone : 04.44.44.60.40<\/span><\/p>\n<p><b>D\u00e9l\u00e9gu\u00e9 \u00e0 la protection des donn\u00e9es :<\/b><span style=\"font-weight: 400;\">\u00a0<\/span><b>SUPPA Johanna<\/b> <span style=\"font-weight: 400;\">\u00a0Contact : <\/span><span style=\"font-weight: 400;\"><a href=\"mailto:contact@events-byjs.com\">contact@events-byjs.com<\/a><a href=\"mailto:contact@events-byjs.com\"><\/a><\/span><\/p>\n<p><span style=\"font-weight: 400;\"><\/span><\/p>\n<p><span style=\"font-weight: 400;\"><\/span><\/p>\n<h3><span class=\"ez-toc-section\" id=\"2_%E2%80%93_Propriete_intellectuelle_et_contrefacons\"><\/span><b>2 \u2013 Propri\u00e9t\u00e9 intellectuelle et contrefa\u00e7ons.<\/b><span class=\"ez-toc-section-end\"><\/span><\/h3>\n<p><b>SUPPA Johanna<\/b> <span style=\"font-weight: 400;\">est propri\u00e9taire des droits de propri\u00e9t\u00e9 intellectuelle et d\u00e9tient les droits d\u2019usage sur tous les \u00e9l\u00e9ments accessibles sur le site internet, notamment les textes, images, graphismes, logos, vid\u00e9os, architecture, ic\u00f4nes et sons.<\/span><\/p>\n<p><span style=\"font-weight: 400;\">Toute reproduction, repr\u00e9sentation, modification, publication, adaptation de tout ou partie des \u00e9l\u00e9ments du site, quel que soit le moyen ou le proc\u00e9d\u00e9 utilis\u00e9, est interdite, sauf autorisation \u00e9crite pr\u00e9alable de <\/span><b>SUPPA Johanna<\/b><span style=\"font-weight: 400;\">.<\/span><\/p>\n<p><span style=\"font-weight: 400;\">Toute exploitation non autoris\u00e9e du site ou de l\u2019un quelconque des \u00e9l\u00e9ments qu\u2019il contient sera consid\u00e9r\u00e9e comme constitutive d\u2019une contrefa\u00e7on et poursuivie conform\u00e9ment aux dispositions des articles\u00a0<\/span><a href=\"https:\/\/www.legifrance.gouv.fr\/affichCodeArticle.do?idArticle=LEGIARTI000032655082&amp;cidTexte=LEGITEXT000006069414&amp;dateTexte=20160605\" target=\"_blank\" rel=\"noopener\"><span style=\"font-weight: 400;\">L.335-2 et suivants du Code de Propri\u00e9t\u00e9 Intellectuelle<\/span><\/a><span style=\"font-weight: 400;\">.\u00a0<\/span><\/p>\n<p><span style=\"font-weight: 400;\"><\/span><\/p>\n<p><span style=\"font-weight: 400;\"><\/span><\/p>\n<h3><span class=\"ez-toc-section\" id=\"3_%E2%80%93_Limitations_de_responsabilite\"><\/span><b>3 \u2013 Limitations de responsabilit\u00e9.\u00a0<\/b><span class=\"ez-toc-section-end\"><\/span><\/h3>\n<p><b>SUPPA Johanna<\/b> <span style=\"font-weight: 400;\">ne pourra \u00eatre tenue pour responsable des dommages directs et indirects caus\u00e9s au mat\u00e9riel de l\u2019utilisateur, lors de l\u2019acc\u00e8s au site <\/span><a href=\"https:\/\/www.events-byjs.com\/\"><span style=\"font-weight: 400;\">https:\/\/www.events-byjs.com\/<\/span><\/a><span style=\"font-weight: 400;\">.<\/span><\/p>\n<p><b>SUPPA Johanna<\/b><span style=\"font-weight: 400;\"> d\u00e9cline toute responsabilit\u00e9 quant \u00e0 l\u2019utilisation qui pourrait \u00eatre faite des informations et contenus pr\u00e9sents sur <\/span><a href=\"https:\/\/www.events-byjs.com\/\"><span style=\"font-weight: 400;\">https:\/\/www.events-byjs.com\/<\/span><\/a><span style=\"font-weight: 400;\">.<\/span><\/p>\n<p><b>SUPPA Johanna<\/b> <span style=\"font-weight: 400;\">s\u2019engage \u00e0 s\u00e9curiser au mieux le site <\/span><a href=\"https:\/\/www.events-byjs.com\/\"><span style=\"font-weight: 400;\">https:\/\/www.events-byjs.com\/<\/span><\/a><span style=\"font-weight: 400;\">, cependant sa responsabilit\u00e9 ne pourra \u00eatre mise en cause si des donn\u00e9es ind\u00e9sirables sont import\u00e9es et install\u00e9es sur son site \u00e0 son insu.<\/span><\/p>\n<p><span style=\"font-weight: 400;\">Des espaces interactifs (espace contact ou commentaires) sont \u00e0 la disposition des utilisateurs.\u00a0<\/span><b>SUPPA Johanna<\/b> <span style=\"font-weight: 400;\">se r\u00e9serve le droit de supprimer, sans mise en demeure pr\u00e9alable, tout contenu d\u00e9pos\u00e9 dans cet espace qui contreviendrait \u00e0 la l\u00e9gislation applicable en France, en particulier aux dispositions relatives \u00e0 la protection des donn\u00e9es.<\/span><\/p>\n<p><span style=\"font-weight: 400;\">Le cas \u00e9ch\u00e9ant,\u00a0<\/span><b>SUPPA Johanna<\/b> <span style=\"font-weight: 400;\">se r\u00e9serve \u00e9galement la possibilit\u00e9 de mettre en cause la responsabilit\u00e9 civile et\/ou p\u00e9nale de l\u2019utilisateur, notamment en cas de message \u00e0 caract\u00e8re raciste, injurieux, diffamant ou pornographique, quel que soit le support utilis\u00e9 (texte, photographie \u2026).<\/span><\/p>\n<p><span style=\"font-weight: 400;\"><\/span><\/p>\n<p><span style=\"font-weight: 400;\"><\/span><\/p>\n<h3><span class=\"ez-toc-section\" id=\"4_%E2%80%93_CNIL_et_gestion_des_donnees_personnelles\"><\/span><b>4 \u2013 CNIL et gestion des donn\u00e9es personnelles.<\/b><span class=\"ez-toc-section-end\"><\/span><\/h3>\n<p><span style=\"font-weight: 400;\">Conform\u00e9ment aux dispositions de\u00a0<\/span><a href=\"https:\/\/www.legifrance.gouv.fr\/affichTexte.do?cidTexte=JORFTEXT000000886460\" target=\"_blank\" rel=\"noopener\"><span style=\"font-weight: 400;\">la loi 78-17 du 6 janvier 1978 modifi\u00e9e<\/span><\/a><span style=\"font-weight: 400;\">, l\u2019utilisateur du site <\/span><a href=\"https:\/\/www.events-byjs.com\/\"><span style=\"font-weight: 400;\">https:\/\/www.events-byjs.com\/<\/span><\/a><span style=\"font-weight: 400;\"> dispose d\u2019un droit d\u2019acc\u00e8s, de modification et de suppression des informations collect\u00e9es. Pour exercer ce droit, envoyez un message \u00e0 notre d\u00e9l\u00e9gu\u00e9 \u00e0 la protection des donn\u00e9es :\u00a0<\/span><b>SUPPA Johanna<\/b> <span style=\"font-weight: 400;\">\u2013 <\/span><a href=\"mailto:contact@events-byjs.com\"><span style=\"font-weight: 400;\">contact@events-byjs.com<\/span><\/a><\/p>\n<p><span style=\"font-weight: 400;\">Pour plus d\u2019informations sur la fa\u00e7on dont nous traitons vos donn\u00e9es (type de donn\u00e9es, finalit\u00e9, destinataire\u2026), lisez notre\u00a0<\/span><a href=\"https:\/\/events-byjs.com\/politique-de-confidentialite\/\"><span style=\"font-weight: 400;\">politique de confidentialit\u00e9<\/span><\/a><span style=\"font-weight: 400;\">.\u00a0<\/span><\/p>\n<p><b>\u00a0<\/b><span style=\"font-weight: 400;\">\u00a0<\/span><\/p>\n<h3><span class=\"ez-toc-section\" id=\"5_%E2%80%93_Liens_hypertextes_et_cookies\"><\/span><b>5 \u2013 Liens hypertextes et cookies<\/b><span class=\"ez-toc-section-end\"><\/span><\/h3>\n<p><span style=\"font-weight: 400;\">Le site\u00a0<\/span><a href=\"https:\/\/www.events-byjs.com\/\"><span style=\"font-weight: 400;\">https:\/\/www.events-byjs.com\/<\/span><\/a><span style=\"font-weight: 400;\"> contient des liens hypertextes vers d\u2019autres sites et d\u00e9gage toute responsabilit\u00e9 \u00e0 propos de ces liens externes ou des liens cr\u00e9\u00e9s par d\u2019autres sites vers\u00a0<\/span><a href=\"https:\/\/www.events-byjs.com\/\"><span style=\"font-weight: 400;\">https:\/\/www.events-byjs.com\/<\/span><\/a><span style=\"font-weight: 400;\">.\u00a0<\/span><\/p>\n<p><span style=\"font-weight: 400;\">La navigation sur le site\u00a0<\/span><a href=\"https:\/\/www.events-byjs.com\/\"><span style=\"font-weight: 400;\">https:\/\/www.events-byjs.com\/<\/span><\/a> <span style=\"font-weight: 400;\">est susceptible de provoquer l\u2019installation de cookie(s) sur l\u2019ordinateur de l\u2019utilisateur.<\/span><\/p>\n<p><span style=\"font-weight: 400;\">Un \u00ab\u00a0cookie\u00a0\u00bb est un fichier de petite taille qui enregistre des informations relatives \u00e0 la navigation d\u2019un utilisateur sur un site. Les donn\u00e9es ainsi obtenues permettent d\u2019obtenir des mesures de fr\u00e9quentation, par exemple.<\/span><\/p>\n<p><span style=\"font-weight: 400;\">Vous avez la possibilit\u00e9\u00a0<\/span><b>d\u2019accepter ou de refuser les cookies<\/b><span style=\"font-weight: 400;\">\u00a0en modifiant les param\u00e8tres de votre navigateur. Aucun cookie ne sera d\u00e9pos\u00e9 sans votre consentement.<\/span><\/p>\n<p><span style=\"font-weight: 400;\">Les cookies sont enregistr\u00e9s pour une dur\u00e9e maximale de\u00a012\u00a0mois.<\/span><\/p>\n<p><span style=\"font-weight: 400;\">Pour plus d\u2019informations sur la fa\u00e7on dont nous faisons usage des cookies, lisez notre\u00a0<\/span><a href=\"https:\/\/events-byjs.com\/politique-de-cookies\/\"><span style=\"font-weight: 400;\">politique de cookies<\/span><\/a><span style=\"font-weight: 400;\">.<\/span><\/p>\n<p>&nbsp;<\/p>\n<h3><span class=\"ez-toc-section\" id=\"6_%E2%80%93_Droit_applicable_et_attribution_de_juridiction\"><\/span><b>6 \u2013 Droit applicable et attribution de juridiction.<\/b><span class=\"ez-toc-section-end\"><\/span><\/h3>\n<p><span style=\"font-weight: 400;\">Tout litige en relation avec l\u2019utilisation du site <\/span><a href=\"https:\/\/www.events-byjs.com\/\"><span style=\"font-weight: 400;\">https:\/\/www.events-byjs.com\/<\/span><\/a><span style=\"font-weight: 400;\"> est soumis au droit fran\u00e7ais. En dehors des cas o\u00f9 la loi ne le permet pas, il est fait attribution exclusive de juridiction aux tribunaux comp\u00e9tents de<\/span><b> Marseille.<\/b><\/p>\n<p>[\/et_pb_text][\/et_pb_column][\/et_pb_row][\/et_pb_section]<\/p>\n","protected":false},"excerpt":{"rendered":"<p>Mentions L\u00e9gales1 \u2013 \u00c9dition du site En vertu de\u00a0l\u2019article 6 de la loi n\u00b0 2004-575 du 21 juin 2004\u00a0pour la confiance dans l\u2019\u00e9conomie num\u00e9rique, il est pr\u00e9cis\u00e9 aux utilisateurs du site internet https:\/\/www.events-byjs.com\/ l\u2019identit\u00e9 des diff\u00e9rents intervenants dans le cadre de sa r\u00e9alisation et de son suivi : Identification de l\u2019entreprise :\u00a0 SARL Events by JS &#8211; SIREN : 892994963 \u2013 RCS : Marseille \u2013 Adresse : 6 rue Merle, 06400 Cannes Directeur de la publication : SUPPA Johanna \u2013 Contact : contact@events-byjs.com H\u00e9bergeur :\u00a0O2Switch \u2013 222 Boulevard Gustave Flaubert, 63000 Clermont-Ferrand \u2013 T\u00e9l\u00e9phone : 04.44.44.60.40 D\u00e9l\u00e9gu\u00e9 \u00e0 la protection des donn\u00e9es :\u00a0SUPPA Johanna \u00a0Contact : contact@events-byjs.com 2 \u2013 Propri\u00e9t\u00e9 intellectuelle et contrefa\u00e7ons. SUPPA Johanna est propri\u00e9taire des droits de propri\u00e9t\u00e9 intellectuelle et d\u00e9tient les droits d\u2019usage sur tous les \u00e9l\u00e9ments accessibles sur le site internet, notamment les textes, images, graphismes, logos, vid\u00e9os, architecture, ic\u00f4nes et sons. Toute reproduction, repr\u00e9sentation, modification, publication, adaptation de tout ou partie des \u00e9l\u00e9ments du site, quel que soit le moyen ou le proc\u00e9d\u00e9 utilis\u00e9, est interdite, sauf autorisation \u00e9crite pr\u00e9alable de SUPPA Johanna. Toute exploitation non autoris\u00e9e du site ou de l\u2019un quelconque des \u00e9l\u00e9ments qu\u2019il contient sera consid\u00e9r\u00e9e comme constitutive d\u2019une contrefa\u00e7on et [&hellip;]<\/p>\n","protected":false},"author":1,"featured_media":0,"parent":0,"menu_order":0,"comment_status":"closed","ping_status":"closed","template":"","meta":{"_et_pb_use_builder":"on","_et_pb_old_content":"","_et_gb_content_width":"","_monsterinsights_skip_tracking":false,"_monsterinsights_sitenote_active":false,"_monsterinsights_sitenote_note":"","_monsterinsights_sitenote_category":0,"footnotes":""},"class_list":["post-14","page","type-page","status-publish","hentry"],"_links":{"self":[{"href":"https:\/\/events-byjs.com\/fr\/wp-json\/wp\/v2\/pages\/14","targetHints":{"allow":["GET"]}}],"collection":[{"href":"https:\/\/events-byjs.com\/fr\/wp-json\/wp\/v2\/pages"}],"about":[{"href":"https:\/\/events-byjs.com\/fr\/wp-json\/wp\/v2\/types\/page"}],"author":[{"embeddable":true,"href":"https:\/\/events-byjs.com\/fr\/wp-json\/wp\/v2\/users\/1"}],"replies":[{"embeddable":true,"href":"https:\/\/events-byjs.com\/fr\/wp-json\/wp\/v2\/comments?post=14"}],"version-history":[{"count":9,"href":"https:\/\/events-byjs.com\/fr\/wp-json\/wp\/v2\/pages\/14\/revisions"}],"predecessor-version":[{"id":73392,"href":"https:\/\/events-byjs.com\/fr\/wp-json\/wp\/v2\/pages\/14\/revisions\/73392"}],"wp:attachment":[{"href":"https:\/\/events-byjs.com\/fr\/wp-json\/wp\/v2\/media?parent=14"}],"curies":[{"name":"wp","href":"https:\/\/api.w.org\/{rel}","templated":true}]}}